{"id":19,"date":"2016-10-01T16:29:13","date_gmt":"2016-10-01T14:29:13","guid":{"rendered":"http:\/\/jrehe.reviste.ubbcluj.ro\/?page_id=19"},"modified":"2022-05-25T11:43:24","modified_gmt":"2022-05-25T09:43:24","slug":"editorial-board","status":"publish","type":"page","link":"https:\/\/jrehe.reviste.ubbcluj.ro\/index.php\/editorial-board\/","title":{"rendered":"Editorial Board"},"content":{"rendered":"<div class=\"entry\">\n<p><span style=\"font-family: 'book antiqua', palatino, serif; font-size: 14pt;\"><b>Edited by: <span style=\"color: #000000;\"><span lang=\"ro-RO\">Qualitas\u00a0<\/span><\/span><span style=\"color: #000000;\">Centre<\/span><span style=\"font-family: 'book antiqua', palatino, serif;\"><a href=\"http:\/\/cdu.centre.ubbcluj.ro\/\" target=\"_blank\" rel=\"noopener noreferrer\">\u00a0<\/a>, Babe\u0219-Bolyai University\u00a0<\/span><\/b><\/span><\/p>\n<p><span style=\"font-family: 'book antiqua', palatino, serif; font-size: 14pt; color: #000000;\"><b>Editor-in-Chief<\/b><\/span><\/p>\n<p><span style=\"font-family: georgia, palatino, serif; font-size: 12pt;\"><a href=\"http:\/\/jrehe.reviste.ubbcluj.ro\/index.php\/editorial-board\/1448-2\/\">Professor Ioana BICAN<\/a>, <span style=\"font-weight: 400; color: #000000;\"> Babe\u015f-Bolyai University, Cluj-Napoca, Romania<\/span><\/span><\/p>\n<p><span style=\"font-family: 'book antiqua', palatino, serif; font-size: 14pt; color: #000000;\">\u00a0<\/span><span style=\"font-family: 'book antiqua', palatino, serif; font-size: 14pt; color: #000000;\"><b>Editorial Board<\/b><\/span><\/p>\n<p><span style=\"color: #000000; font-family: book antiqua, palatino, serif;\"><strong>Prof. dr. Carmen BUZEA<\/strong>, Transylvania University of Bra\u0219ov, Romania<\/span><br \/>\n<span style=\"color: #000000; font-family: book antiqua, palatino, serif;\"><strong>Prof. dr. Dan CHIRIBUC\u0102<\/strong>, Babe\u0219-Bolyai University, Cluj-Napoca, Romania<\/span><br \/>\n<span style=\"color: #000000; font-family: book antiqua, palatino, serif;\"><strong>Prof. dr. Daniela COJOCARU<\/strong>, Alexandru Ioan Cuza University of Ia\u0219i, Romania<\/span><br \/>\n<span style=\"color: #000000; font-family: book antiqua, palatino, serif;\"><strong>Prof. dr. Daniel DAVID<\/strong>, Babe\u0219-Bolyai University, Cluj-Napoca, Romania<\/span><br \/>\n<span style=\"color: #000000; font-family: book antiqua, palatino, serif;\"><strong>Prof. dr. Adrian HATOS<\/strong>, University of Oradea, Romania<\/span><br \/>\n<span style=\"color: #000000; font-family: book antiqua, palatino, serif;\"><strong>Prof. dr. Arleen IONESCU<\/strong>, Shanghai Jiao Tong University, China<\/span><br \/>\n<span style=\"color: #000000; font-family: book antiqua, palatino, serif;\"><strong>Associate Professor S\u00e1ndor L\u00c9N\u00c1RD<\/strong>, E\u00f6tv\u00f6s Lor\u00e1nd University, Budapest, Hungary<\/span><br \/>\n<span style=\"color: #000000; font-family: book antiqua, palatino, serif;\"><strong>Prof. dr. Elena MADRUSSAN<\/strong>, University of Torino, Italy<\/span><br \/>\n<span style=\"color: #000000; font-family: book antiqua, palatino, serif;\"><strong>Prof. dr. B\u00e1lint MARK\u00d3<\/strong>, Babe\u0219-Bolyai University, Cluj-Napoca, Romania<\/span><br \/>\n<span style=\"color: #000000; font-family: book antiqua, palatino, serif;\"><strong>Prof. dr. Adrian OPRE<\/strong>, Babe\u0219-Bolyai University, Cluj-Napoca, Romania<\/span><br \/>\n<span style=\"color: #000000; font-family: book antiqua, palatino, serif;\"><strong>Lect. dr. Dana OPRE<\/strong>, Babe\u0219-Bolyai University, Cluj-Napoca, Romania<\/span><br \/>\n<span style=\"color: #000000; font-family: book antiqua, palatino, serif;\"><strong>Prof. dr. Liviu PAPADIMA<\/strong>, University of Bucharest, Romania<\/span><br \/>\n<span style=\"color: #000000; font-family: book antiqua, palatino, serif;\"><strong>Prof. dr. Marian PREDA<\/strong>, University of Bucharest, Romania<\/span><br \/>\n<span style=\"color: #000000; font-family: book antiqua, palatino, serif;\"><strong>Prof. dr. Ian McNAY<\/strong>, University of Greenwich, United Kingdom<\/span><br \/>\n<span style=\"color: #000000; font-family: book antiqua, palatino, serif;\"><strong>Associate Professor Irina POP P\u0102CURAR<\/strong>, Babe\u0219-Bolyai University, Cluj-Napoca, Romania<\/span><br \/>\n<span style=\"color: #000000; font-family: book antiqua, palatino, serif;\"><strong>Lect. dr. Imre PENTEK<\/strong>, Babe\u0219-Bolyai University, Cluj-Napoca, Romania<\/span><br \/>\n<span style=\"color: #000000; font-family: book antiqua, palatino, serif;\"><strong>Prof. dr. Hora\u021biu RUSU<\/strong>, Lucian Blaga University of Sibiu, Romania<\/span><br \/>\n<span style=\"color: #000000; font-family: book antiqua, palatino, serif;\"><strong>Prof. dr. Marcela S\u0102L\u0102GEAN<\/strong>, Babe\u0219-Bolyai University, Cluj-Napoca, Romania<\/span><br \/>\n<span style=\"color: #000000; font-family: book antiqua, palatino, serif;\"><strong>Associate Professor Pedro TEIXEIRA<\/strong>, University of Porto, Portugal<\/span><br \/>\n<span style=\"color: #000000; font-family: book antiqua, palatino, serif;\"><strong>Professor Robert TOUTKOUSHIAN<\/strong>, University of Georgia, Athens, USA<\/span><br \/>\n<span style=\"color: #000000; font-family: book antiqua, palatino, serif;\"><strong>Associate Professor Vilmos VASS<\/strong>, Budapest Metropolitan University, Hungary<\/span><br \/>\n<span style=\"color: #000000; font-family: book antiqua, palatino, serif;\"><strong>Prof. dr. Val\u00e9r VERES<\/strong>, Babe\u0219-Bolyai University, Cluj-Napoca, Romania<\/span><br \/>\n<span style=\"color: #000000; font-family: book antiqua, palatino, serif;\"><strong>Associate Professor William YAT WAI LO<\/strong>, Hong Kong Institute of Education, China<\/span><br \/>\n<span style=\"color: #000000; font-family: book antiqua, palatino, serif;\"><strong>Associate Professor Monica ZAHARIE<\/strong>, Babe\u0219-Bolyai University, Cluj-Napoca, Romania<\/span><\/p>\n<p><span style=\"font-family: 'book antiqua', palatino, serif; font-size: 12pt; color: #000000;\"><strong>Executive Editors<\/strong><\/span><br \/>\n<a href=\"http:\/\/jrehe.reviste.ubbcluj.ro\/index.php\/editorial-board\/1453-2\/\"><span style=\"font-size: 12pt;\"><span style=\"font-family: 'book antiqua', palatino, serif;\"><span style=\"font-weight: 400;\">D<\/span><\/span><span style=\"font-family: 'book antiqua', palatino, serif;\"><span style=\"font-weight: 400;\">r. Simona<\/span><\/span><span style=\"font-family: 'book antiqua', palatino, serif;\"><span style=\"font-weight: 400;\"> M\u0103l\u0103escu<\/span><\/span><\/span><\/a><br \/>\n<span style=\"font-size: 12pt;\"><span style=\"font-family: 'book antiqua', palatino, serif;\"><span style=\"font-weight: 400;\">drd. Borb\u00e1la Nemes<\/span><\/span><\/span><br \/>\n<a href=\"http:\/\/jrehe.reviste.ubbcluj.ro\/index.php\/editorial-board\/1455-2\/\"><span style=\"font-family: book antiqua, palatino, serif;\">drd. Ionucu Pop<\/span><\/a><\/p>\n<\/div>\n","protected":false},"excerpt":{"rendered":"<p>Edited by: Qualitas\u00a0Centre\u00a0, Babe\u0219-Bolyai University\u00a0 Editor-in-Chief Professor Ioana BICAN, Babe\u015f-Bolyai University, Cluj-Napoca, Romania \u00a0Editorial Board Prof. dr. Carmen BUZEA, Transylvania University of Bra\u0219ov, Romania Prof. dr. Dan CHIRIBUC\u0102, Babe\u0219-Bolyai University, Cluj-Napoca, Romania Prof. dr. Daniela COJOCARU, Alexandru Ioan Cuza University of Ia\u0219i, Romania Prof. dr. Daniel DAVID, Babe\u0219-Bolyai University, Cluj-Napoca, Romania Prof. dr. Adrian HATOS, &#8230;<\/p>\n","protected":false},"author":1,"featured_media":0,"parent":0,"menu_order":0,"comment_status":"closed","ping_status":"closed","template":"","meta":{"iawp_total_views":115,"footnotes":""},"class_list":["post-19","page","type-page","status-publish"],"_links":{"self":[{"href":"https:\/\/jrehe.reviste.ubbcluj.ro\/index.php\/wp-json\/wp\/v2\/pages\/19","targetHints":{"allow":["GET"]}}],"collection":[{"href":"https:\/\/jrehe.reviste.ubbcluj.ro\/index.php\/wp-json\/wp\/v2\/pages"}],"about":[{"href":"https:\/\/jrehe.reviste.ubbcluj.ro\/index.php\/wp-json\/wp\/v2\/types\/page"}],"author":[{"embeddable":true,"href":"https:\/\/jrehe.reviste.ubbcluj.ro\/index.php\/wp-json\/wp\/v2\/users\/1"}],"replies":[{"embeddable":true,"href":"https:\/\/jrehe.reviste.ubbcluj.ro\/index.php\/wp-json\/wp\/v2\/comments?post=19"}],"version-history":[{"count":33,"href":"https:\/\/jrehe.reviste.ubbcluj.ro\/index.php\/wp-json\/wp\/v2\/pages\/19\/revisions"}],"predecessor-version":[{"id":1463,"href":"https:\/\/jrehe.reviste.ubbcluj.ro\/index.php\/wp-json\/wp\/v2\/pages\/19\/revisions\/1463"}],"wp:attachment":[{"href":"https:\/\/jrehe.reviste.ubbcluj.ro\/index.php\/wp-json\/wp\/v2\/media?parent=19"}],"curies":[{"name":"wp","href":"https:\/\/api.w.org\/{rel}","templated":true}]}}